{"id":1881,"date":"2023-12-14T20:50:47","date_gmt":"2023-12-14T23:50:47","guid":{"rendered":"https:\/\/arfanviagens.com.br\/?page_id=1881"},"modified":"2024-01-03T22:06:16","modified_gmt":"2024-01-04T01:06:16","slug":"1881-2","status":"publish","type":"page","link":"https:\/\/arfanviagens.com.br\/index.php\/1881-2\/","title":{"rendered":"."},"content":{"rendered":"\t\t<div data-elementor-type=\"wp-page\" data-elementor-id=\"1881\" class=\"elementor elementor-1881\">\n\t\t\t\t\t\t\t\t\t<section class=\"elementor-section elementor-top-section elementor-element elementor-element-76535c7 elementor-section-boxed elementor-section-height-default elementor-section-height-default\" data-id=\"76535c7\" data-element_type=\"section\">\n\t\t\t\t\t\t<div class=\"elementor-container elementor-column-gap-default\">\n\t\t\t\t\t<div class=\"elementor-column elementor-col-100 elementor-top-column elementor-element elementor-element-7de22cf\" data-id=\"7de22cf\" data-element_type=\"column\">\n\t\t\t<div class=\"elementor-widget-wrap elementor-element-populated\">\n\t\t\t\t\t\t\t\t<div class=\"elementor-element elementor-element-a367890 elementor-widget elementor-widget-heading\" data-id=\"a367890\" data-element_type=\"widget\" data-widget_type=\"heading.default\">\n\t\t\t\t<div class=\"elementor-widget-container\">\n\t\t\t<style>\/*! elementor - v3.18.0 - 20-12-2023 *\/\n.elementor-heading-title{padding:0;margin:0;line-height:1}.elementor-widget-heading .elementor-heading-title[class*=elementor-size-]>a{color:inherit;font-size:inherit;line-height:inherit}.elementor-widget-heading .elementor-heading-title.elementor-size-small{font-size:15px}.elementor-widget-heading .elementor-heading-title.elementor-size-medium{font-size:19px}.elementor-widget-heading .elementor-heading-title.elementor-size-large{font-size:29px}.elementor-widget-heading .elementor-heading-title.elementor-size-xl{font-size:39px}.elementor-widget-heading .elementor-heading-title.elementor-size-xxl{font-size:59px}<\/style><h1 class=\"elementor-heading-title elementor-size-default\"><h2 data-elementor-setting-key=\"title\" data-pen-placeholder=\"Digite aqui...\" style=\"font-style: normal;\">Descubra a Am\u00e9rica do Sul<\/h2><\/h1>\t\t<\/div>\n\t\t\t\t<\/div>\n\t\t\t\t\t<\/div>\n\t\t<\/div>\n\t\t\t\t\t\t\t<\/div>\n\t\t<\/section>\n\t\t\t\t<section class=\"elementor-section elementor-top-section elementor-element elementor-element-3bd5a09 elementor-section-boxed elementor-section-height-default elementor-section-height-default\" data-id=\"3bd5a09\" data-element_type=\"section\">\n\t\t\t\t\t\t<div class=\"elementor-container elementor-column-gap-default\">\n\t\t\t\t\t<div class=\"elementor-column elementor-col-100 elementor-top-column elementor-element elementor-element-6dddc51\" data-id=\"6dddc51\" data-element_type=\"column\">\n\t\t\t<div class=\"elementor-widget-wrap elementor-element-populated\">\n\t\t\t\t\t\t\t\t<div class=\"elementor-element elementor-element-051724b elementor-widget elementor-widget-heading\" data-id=\"051724b\" data-element_type=\"widget\" data-widget_type=\"heading.default\">\n\t\t\t\t<div class=\"elementor-widget-container\">\n\t\t\t<h2 class=\"elementor-heading-title elementor-size-default\"><h2 class=\"elementor-heading-title elementor-size-default elementor-inline-editing pen\" data-elementor-setting-key=\"title\" data-pen-placeholder=\"Digite aqui...\" style=\"font-style: normal;\">Ol\u00e1 viajante, se chegou aqui voc\u00ea est\u00e1 querendo viajar para o Chile, Peru,  Argentina ou para algum destino na Am\u00e9rica do Sul.<br><br>Saiba que essa \u00e9 uma \u00f3tima escolha. Pois o custo de viajar pelo Brasil em alguns casos \u00e9 muito parecido como ir para o Exterior. E a Am\u00e9rica do Sul \u00e9 um desses casos em que voc\u00ea pode aproveitar, independente da \u00e9poca do ano. <\/h2><\/h2>\t\t<\/div>\n\t\t\t\t<\/div>\n\t\t\t\t\t<\/div>\n\t\t<\/div>\n\t\t\t\t\t\t\t<\/div>\n\t\t<\/section>\n\t\t\t\t<section class=\"elementor-section elementor-top-section elementor-element elementor-element-b74cc32 elementor-section-boxed elementor-section-height-default elementor-section-height-default\" data-id=\"b74cc32\" data-element_type=\"section\">\n\t\t\t\t\t\t<div class=\"elementor-container elementor-column-gap-default\">\n\t\t\t\t\t<div class=\"elementor-column elementor-col-33 elementor-top-column elementor-element elementor-element-1a4999c\" data-id=\"1a4999c\" data-element_type=\"column\">\n\t\t\t<div class=\"elementor-widget-wrap elementor-element-populated\">\n\t\t\t\t\t\t\t\t<div class=\"elementor-element elementor-element-b1440cf elementor-widget elementor-widget-image\" data-id=\"b1440cf\" data-element_type=\"widget\" data-widget_type=\"image.default\">\n\t\t\t\t<div class=\"elementor-widget-container\">\n\t\t\t<style>\/*! elementor - v3.18.0 - 20-12-2023 *\/\n.elementor-widget-image{text-align:center}.elementor-widget-image a{display:inline-block}.elementor-widget-image a img[src$=\".svg\"]{width:48px}.elementor-widget-image img{vertical-align:middle;display:inline-block}<\/style>\t\t\t\t\t\t\t\t\t\t\t\t<img fetchpriority=\"high\" decoding=\"async\" width=\"1024\" height=\"768\" src=\"https:\/\/arfanviagens.com.br\/wp-content\/uploads\/2023\/12\/lp1-argentina-1024x768.jpg\" class=\"attachment-large size-large wp-image-1866\" alt=\"\" srcset=\"https:\/\/arfanviagens.com.br\/wp-content\/uploads\/2023\/12\/lp1-argentina-1024x768.jpg 1024w, https:\/\/arfanviagens.com.br\/wp-content\/uploads\/2023\/12\/lp1-argentina-300x225.jpg 300w, https:\/\/arfanviagens.com.br\/wp-content\/uploads\/2023\/12\/lp1-argentina-768x576.jpg 768w, https:\/\/arfanviagens.com.br\/wp-content\/uploads\/2023\/12\/lp1-argentina-1536x1152.jpg 1536w, https:\/\/arfanviagens.com.br\/wp-content\/uploads\/2023\/12\/lp1-argentina-2048x1536.jpg 2048w\" sizes=\"(max-width: 1024px) 100vw, 1024px\" \/>\t\t\t\t\t\t\t\t\t\t\t\t\t\t\t<\/div>\n\t\t\t\t<\/div>\n\t\t\t\t\t<\/div>\n\t\t<\/div>\n\t\t\t\t<div class=\"elementor-column elementor-col-33 elementor-top-column elementor-element elementor-element-511ce5f\" data-id=\"511ce5f\" data-element_type=\"column\">\n\t\t\t<div class=\"elementor-widget-wrap elementor-element-populated\">\n\t\t\t\t\t\t\t\t<div class=\"elementor-element elementor-element-dbbae81 elementor-widget elementor-widget-image\" data-id=\"dbbae81\" data-element_type=\"widget\" data-widget_type=\"image.default\">\n\t\t\t\t<div class=\"elementor-widget-container\">\n\t\t\t\t\t\t\t\t\t\t\t\t\t\t\t<img decoding=\"async\" width=\"1024\" height=\"576\" src=\"https:\/\/arfanviagens.com.br\/wp-content\/uploads\/2023\/12\/lp1-chile-1024x576.jpg\" class=\"attachment-large size-large wp-image-1867\" alt=\"\" srcset=\"https:\/\/arfanviagens.com.br\/wp-content\/uploads\/2023\/12\/lp1-chile-1024x576.jpg 1024w, https:\/\/arfanviagens.com.br\/wp-content\/uploads\/2023\/12\/lp1-chile-300x169.jpg 300w, https:\/\/arfanviagens.com.br\/wp-content\/uploads\/2023\/12\/lp1-chile-768x432.jpg 768w, https:\/\/arfanviagens.com.br\/wp-content\/uploads\/2023\/12\/lp1-chile-1536x864.jpg 1536w, https:\/\/arfanviagens.com.br\/wp-content\/uploads\/2023\/12\/lp1-chile-2048x1152.jpg 2048w\" sizes=\"(max-width: 1024px) 100vw, 1024px\" \/>\t\t\t\t\t\t\t\t\t\t\t\t\t\t\t<\/div>\n\t\t\t\t<\/div>\n\t\t\t\t\t<\/div>\n\t\t<\/div>\n\t\t\t\t<div class=\"elementor-column elementor-col-33 elementor-top-column elementor-element elementor-element-acb5b83\" data-id=\"acb5b83\" data-element_type=\"column\">\n\t\t\t<div class=\"elementor-widget-wrap elementor-element-populated\">\n\t\t\t\t\t\t\t\t<div class=\"elementor-element elementor-element-c5785ac elementor-widget elementor-widget-image\" data-id=\"c5785ac\" data-element_type=\"widget\" data-widget_type=\"image.default\">\n\t\t\t\t<div class=\"elementor-widget-container\">\n\t\t\t\t\t\t\t\t\t\t\t\t\t\t\t<img decoding=\"async\" src=\"https:\/\/arfanviagens.com.br\/wp-content\/uploads\/elementor\/thumbs\/lp1-peru-qgsvjf7ind40rab2g19qgz67361hkkzbrxs3krwjos.jpg\" title=\"lp1 peru\" alt=\"lp1 peru\" loading=\"lazy\" \/>\t\t\t\t\t\t\t\t\t\t\t\t\t\t\t<\/div>\n\t\t\t\t<\/div>\n\t\t\t\t\t<\/div>\n\t\t<\/div>\n\t\t\t\t\t\t\t<\/div>\n\t\t<\/section>\n\t\t\t\t<section class=\"elementor-section elementor-top-section elementor-element elementor-element-d372114 elementor-section-boxed elementor-section-height-default elementor-section-height-default\" data-id=\"d372114\" data-element_type=\"section\">\n\t\t\t\t\t\t<div class=\"elementor-container elementor-column-gap-default\">\n\t\t\t\t\t<div class=\"elementor-column elementor-col-100 elementor-top-column elementor-element elementor-element-03adfba\" data-id=\"03adfba\" data-element_type=\"column\">\n\t\t\t<div class=\"elementor-widget-wrap\">\n\t\t\t\t\t\t\t\t\t<\/div>\n\t\t<\/div>\n\t\t\t\t\t\t\t<\/div>\n\t\t<\/section>\n\t\t\t\t<section class=\"elementor-section elementor-top-section elementor-element elementor-element-f8e2552 elementor-section-boxed elementor-section-height-default elementor-section-height-default\" data-id=\"f8e2552\" data-element_type=\"section\">\n\t\t\t\t\t\t<div class=\"elementor-container elementor-column-gap-default\">\n\t\t\t\t\t<div class=\"elementor-column elementor-col-100 elementor-top-column elementor-element elementor-element-597748e\" data-id=\"597748e\" data-element_type=\"column\">\n\t\t\t<div class=\"elementor-widget-wrap elementor-element-populated\">\n\t\t\t\t\t\t\t\t<div class=\"elementor-element elementor-element-480278c elementor-widget elementor-widget-heading\" data-id=\"480278c\" data-element_type=\"widget\" data-widget_type=\"heading.default\">\n\t\t\t\t<div class=\"elementor-widget-container\">\n\t\t\t<h2 class=\"elementor-heading-title elementor-size-default\"><h2 data-elementor-setting-key=\"title\" data-pen-placeholder=\"Digite aqui...\" style=\"font-style: normal; white-space-collapse: collapse;\">Interessante num \u00e9 verdade?<br><br>Ent\u00e3o vamos falar um pouco mais desse destino incr\u00edvel.&nbsp;<\/h2><br style=\"color: rgba(82, 104, 64, 0.75); font-size: 16px; white-space-collapse: collapse;\"><h2 data-elementor-setting-key=\"title\" data-pen-placeholder=\"Digite aqui...\" style=\"font-style: normal; white-space-collapse: collapse;\">O Chile \u00e9 um pa\u00eds com muitas montanhas impressionantes, especialmente na regi\u00e3o dos Andes.&nbsp;<\/h2><br style=\"color: rgba(82, 104, 64, 0.75); font-size: 16px; white-space-collapse: collapse;\"><h2 data-elementor-setting-key=\"title\" data-pen-placeholder=\"Digite aqui...\" style=\"font-style: normal; white-space-collapse: collapse;\">A Cordilheira dos Andes se estende por toda a extens\u00e3o do pa\u00eds, \u00e9 a segunda cordilheira mais longa do mundo, com mais de 7.000 km de extens\u00e3o, oferecendo muitas op\u00e7\u00f5es para os amantes de montanhismo e trekking.<\/h2><br><br><h2 data-elementor-setting-key=\"title\" data-pen-placeholder=\"Digite aqui...\" style=\"font-style: normal; white-space-collapse: collapse;\">Algumas das montanhas mais famosas incluem o vulc\u00e3o Osorno, o Monte Aconc\u00e1gua e o Monte Fitz Roy.&nbsp;<\/h2><br style=\"color: rgba(82, 104, 64, 0.75); font-size: 16px; white-space-collapse: collapse;\"><span style=\"color: var(--ast-global-color-2); font-size: 1.875rem; white-space-collapse: collapse; background-color: var(--ast-global-color-5);\">O vulc\u00e3o Ojos del Salado, localizado na fronteira entre o Chile e a Argentina, \u00e9 o vulc\u00e3o mais alto do mundo, com 6.893 metros de altura.&nbsp;<\/span><\/h2>\t\t<\/div>\n\t\t\t\t<\/div>\n\t\t\t\t<div class=\"elementor-element elementor-element-0a06e4e elementor-widget elementor-widget-heading\" data-id=\"0a06e4e\" data-element_type=\"widget\" data-widget_type=\"heading.default\">\n\t\t\t\t<div class=\"elementor-widget-container\">\n\t\t\t<h2 class=\"elementor-heading-title elementor-size-default\"><h2 data-elementor-setting-key=\"title\" data-pen-placeholder=\"Digite aqui...\" style=\"font-style: normal; color: rgb(83, 105, 66);\"><\/h2><h2 data-elementor-setting-key=\"title\" data-pen-placeholder=\"Digite aqui...\" style=\"font-style: normal;\">Veja nesse exemplo. Saindo de S\u00e3o Paulo para Recife, em Maio de 2024, o valor ser\u00e1 aproximadamente a partir de R$ 1.100,00 por pessoa ida e volta. <\/h2><h2 data-elementor-setting-key=\"title\" data-pen-placeholder=\"Digite aqui...\" style=\"font-style: normal;\"><span style=\"color: var(--ast-global-color-2); font-size: 1.875rem; background-color: var(--ast-global-color-5);\">Mas se o destino for Santiago no Chile fica na faixa de R$ 900,00. Ou seja um desconto de quase 20%. Muito bom num \u00e9 verdade?<\/span><span style=\"color: var(--ast-global-color-2); font-size: 1.875rem; background-color: var(--ast-global-color-5);\"><\/span><br><\/h2><\/h2>\t\t<\/div>\n\t\t\t\t<\/div>\n\t\t\t\t\t<\/div>\n\t\t<\/div>\n\t\t\t\t\t\t\t<\/div>\n\t\t<\/section>\n\t\t\t\t<section class=\"elementor-section elementor-top-section elementor-element elementor-element-beed42e elementor-section-boxed elementor-section-height-default elementor-section-height-default\" data-id=\"beed42e\" data-element_type=\"section\">\n\t\t\t\t\t\t<div class=\"elementor-container elementor-column-gap-default\">\n\t\t\t\t\t<div class=\"elementor-column elementor-col-100 elementor-top-column elementor-element elementor-element-60c17b9\" data-id=\"60c17b9\" data-element_type=\"column\">\n\t\t\t<div class=\"elementor-widget-wrap\">\n\t\t\t\t\t\t\t\t\t<\/div>\n\t\t<\/div>\n\t\t\t\t\t\t\t<\/div>\n\t\t<\/section>\n\t\t\t\t<section class=\"elementor-section elementor-top-section elementor-element elementor-element-5b98bd6 elementor-section-boxed elementor-section-height-default elementor-section-height-default\" data-id=\"5b98bd6\" data-element_type=\"section\">\n\t\t\t\t\t\t<div class=\"elementor-container elementor-column-gap-default\">\n\t\t\t\t\t<div class=\"elementor-column elementor-col-100 elementor-top-column elementor-element elementor-element-39988ea\" data-id=\"39988ea\" data-element_type=\"column\">\n\t\t\t<div class=\"elementor-widget-wrap elementor-element-populated\">\n\t\t\t\t\t\t\t\t<div class=\"elementor-element elementor-element-bf87597 elementor-widget elementor-widget-video\" data-id=\"bf87597\" data-element_type=\"widget\" data-settings=\"{&quot;video_type&quot;:&quot;hosted&quot;,&quot;autoplay&quot;:&quot;yes&quot;}\" data-widget_type=\"video.default\">\n\t\t\t\t<div class=\"elementor-widget-container\">\n\t\t\t<style>\/*! elementor - v3.18.0 - 20-12-2023 *\/\n.elementor-widget-video .elementor-widget-container{overflow:hidden;transform:translateZ(0)}.elementor-widget-video .elementor-wrapper{aspect-ratio:var(--video-aspect-ratio)}.elementor-widget-video .elementor-wrapper iframe,.elementor-widget-video .elementor-wrapper video{height:100%;width:100%;display:flex;border:none;background-color:#000}@supports not (aspect-ratio:1\/1){.elementor-widget-video .elementor-wrapper{position:relative;overflow:hidden;height:0;padding-bottom:calc(100% \/ var(--video-aspect-ratio))}.elementor-widget-video .elementor-wrapper iframe,.elementor-widget-video .elementor-wrapper video{position:absolute;top:0;right:0;bottom:0;left:0}}.elementor-widget-video .elementor-open-inline .elementor-custom-embed-image-overlay{position:absolute;top:0;right:0;bottom:0;left:0;background-size:cover;background-position:50%}.elementor-widget-video .elementor-custom-embed-image-overlay{cursor:pointer;text-align:center}.elementor-widget-video .elementor-custom-embed-image-overlay:hover .elementor-custom-embed-play i{opacity:1}.elementor-widget-video .elementor-custom-embed-image-overlay img{display:block;width:100%;aspect-ratio:var(--video-aspect-ratio);-o-object-fit:cover;object-fit:cover;-o-object-position:center center;object-position:center center}@supports not (aspect-ratio:1\/1){.elementor-widget-video .elementor-custom-embed-image-overlay{position:relative;overflow:hidden;height:0;padding-bottom:calc(100% \/ var(--video-aspect-ratio))}.elementor-widget-video .elementor-custom-embed-image-overlay img{position:absolute;top:0;right:0;bottom:0;left:0}}.elementor-widget-video .e-hosted-video .elementor-video{-o-object-fit:cover;object-fit:cover}.e-con-inner>.elementor-widget-video,.e-con>.elementor-widget-video{width:var(--container-widget-width);--flex-grow:var(--container-widget-flex-grow)}<\/style>\t\t<div class=\"e-hosted-video elementor-wrapper elementor-open-inline\">\n\t\t\t\t\t<video class=\"elementor-video\" src=\"https:\/\/arfanviagens.com.br\/wp-content\/uploads\/2023\/12\/production_id_4814999-1080p.mp4\" autoplay=\"\" controlsList=\"nodownload\"><\/video>\n\t\t\t\t<\/div>\n\t\t\t\t<\/div>\n\t\t\t\t<\/div>\n\t\t\t\t\t<\/div>\n\t\t<\/div>\n\t\t\t\t\t\t\t<\/div>\n\t\t<\/section>\n\t\t\t\t<section class=\"elementor-section elementor-top-section elementor-element elementor-element-3869ffe elementor-section-boxed elementor-section-height-default elementor-section-height-default\" data-id=\"3869ffe\" data-element_type=\"section\">\n\t\t\t\t\t\t<div class=\"elementor-container elementor-column-gap-default\">\n\t\t\t\t\t<div class=\"elementor-column elementor-col-100 elementor-top-column elementor-element elementor-element-6f24201\" data-id=\"6f24201\" data-element_type=\"column\">\n\t\t\t<div class=\"elementor-widget-wrap elementor-element-populated\">\n\t\t\t\t\t\t\t\t<div class=\"elementor-element elementor-element-6671645 elementor-widget elementor-widget-heading\" data-id=\"6671645\" data-element_type=\"widget\" data-widget_type=\"heading.default\">\n\t\t\t\t<div class=\"elementor-widget-container\">\n\t\t\t<h2 class=\"elementor-heading-title elementor-size-default\">Al\u00e9m disso, o Parque Nacional Torres del Paine, localizado na Patag\u00f4nia chilena, \u00e9 conhecido por suas impressionantes paisagens de montanhas, geleiras, lagos e cachoeiras, e \u00e9 um dos destinos tur\u00edsticos mais populares do Chile. <br><br>\nDescubra o melhor das f\u00e9rias no Chile!<br>\nAventure-se.<br><br>Combinando aventura, cultura e paisagens deslumbrantes, o Chile \u00e9 o destino de f\u00e9rias perfeito.<\/h2>\t\t<\/div>\n\t\t\t\t<\/div>\n\t\t\t\t\t<\/div>\n\t\t<\/div>\n\t\t\t\t\t\t\t<\/div>\n\t\t<\/section>\n\t\t\t\t<section class=\"elementor-section elementor-top-section elementor-element elementor-element-ca1260d elementor-section-boxed elementor-section-height-default elementor-section-height-default\" data-id=\"ca1260d\" data-element_type=\"section\">\n\t\t\t\t\t\t<div class=\"elementor-container elementor-column-gap-default\">\n\t\t\t\t\t<div class=\"elementor-column elementor-col-100 elementor-top-column elementor-element elementor-element-47b5e5e\" data-id=\"47b5e5e\" data-element_type=\"column\">\n\t\t\t<div class=\"elementor-widget-wrap elementor-element-populated\">\n\t\t\t\t\t\t\t\t<div class=\"elementor-element elementor-element-53e402f elementor-widget elementor-widget-button\" data-id=\"53e402f\" data-element_type=\"widget\" data-widget_type=\"button.default\">\n\t\t\t\t<div class=\"elementor-widget-container\">\n\t\t\t\t\t<div class=\"elementor-button-wrapper\">\n\t\t\t<a class=\"elementor-button elementor-button-link elementor-size-sm\" href=\"#\">\n\t\t\t\t\t\t<span class=\"elementor-button-content-wrapper\">\n\t\t\t\t\t\t<span class=\"elementor-button-text\">Fa\u00e7a sua cota\u00e7\u00e3o<\/span>\n\t\t<\/span>\n\t\t\t\t\t<\/a>\n\t\t<\/div>\n\t\t\t\t<\/div>\n\t\t\t\t<\/div>\n\t\t\t\t\t<\/div>\n\t\t<\/div>\n\t\t\t\t\t\t\t<\/div>\n\t\t<\/section>\n\t\t\t\t\t\t\t<\/div>\n\t\t","protected":false},"excerpt":{"rendered":"<p>Descubra a Am\u00e9rica do Sul Ol\u00e1 viajante, se chegou aqui voc\u00ea est\u00e1 querendo viajar para o Chile, Peru, Argentina ou para algum destino na Am\u00e9rica do Sul. Saiba que essa \u00e9 uma \u00f3tima escolha. Pois o custo de viajar pelo Brasil em alguns casos \u00e9 muito parecido como ir para o Exterior. E a Am\u00e9rica &hellip;<\/p>\n<p class=\"read-more\"> <a class=\"\" href=\"https:\/\/arfanviagens.com.br\/index.php\/1881-2\/\"> <span class=\"screen-reader-text\">.<\/span> Leia mais &raquo;<\/a><\/p>\n","protected":false},"author":1,"featured_media":0,"parent":0,"menu_order":0,"comment_status":"closed","ping_status":"closed","template":"elementor_canvas","meta":{"om_disable_all_campaigns":false,"_monsterinsights_skip_tracking":false,"_monsterinsights_sitenote_active":false,"_monsterinsights_sitenote_note":"","_monsterinsights_sitenote_category":0,"site-sidebar-layout":"no-sidebar","site-content-layout":"page-builder","ast-site-content-layout":"","site-content-style":"default","site-sidebar-style":"default","ast-global-header-display":"","ast-banner-title-visibility":"","ast-main-header-display":"","ast-hfb-above-header-display":"","ast-hfb-below-header-display":"","ast-hfb-mobile-header-display":"","site-post-title":"disabled","ast-breadcrumbs-content":"","ast-featured-img":"disabled","footer-sml-layout":"","theme-transparent-header-meta":"","adv-header-id-meta":"","stick-header-meta":"","header-above-stick-meta":"","header-main-stick-meta":"","header-below-stick-meta":"","astra-migrate-meta-layouts":"default","ast-page-background-enabled":"default","ast-page-background-meta":{"desktop":{"background-color":"var(--ast-global-color-4)","background-image":"","background-repeat":"repeat","background-position":"center center","background-size":"auto","background-attachment":"scroll","background-type":"","background-media":"","overlay-type":"","overlay-color":"","overlay-gradient":""},"tablet":{"background-color":"","background-image":"","background-repeat":"repeat","background-position":"center center","background-size":"auto","background-attachment":"scroll","background-type":"","background-media":"","overlay-type":"","overlay-color":"","overlay-gradient":""},"mobile":{"background-color":"","background-image":"","background-repeat":"repeat","background-position":"center center","background-size":"auto","background-attachment":"scroll","background-type":"","background-media":"","overlay-type":"","overlay-color":"","overlay-gradient":""}},"ast-content-background-meta":{"desktop":{"background-color":"var(--ast-global-color-5)","background-image":"","background-repeat":"repeat","background-position":"center center","background-size":"auto","background-attachment":"scroll","background-type":"","background-media":"","overlay-type":"","overlay-color":"","overlay-gradient":""},"tablet":{"background-color":"var(--ast-global-color-5)","background-image":"","background-repeat":"repeat","background-position":"center center","background-size":"auto","background-attachment":"scroll","background-type":"","background-media":"","overlay-type":"","overlay-color":"","overlay-gradient":""},"mobile":{"background-color":"var(--ast-global-color-5)","background-image":"","background-repeat":"repeat","background-position":"center center","background-size":"auto","background-attachment":"scroll","background-type":"","background-media":"","overlay-type":"","overlay-color":"","overlay-gradient":""}},"footnotes":""},"class_list":["post-1881","page","type-page","status-publish","hentry"],"aioseo_notices":[],"_links":{"self":[{"href":"https:\/\/arfanviagens.com.br\/index.php\/wp-json\/wp\/v2\/pages\/1881","targetHints":{"allow":["GET"]}}],"collection":[{"href":"https:\/\/arfanviagens.com.br\/index.php\/wp-json\/wp\/v2\/pages"}],"about":[{"href":"https:\/\/arfanviagens.com.br\/index.php\/wp-json\/wp\/v2\/types\/page"}],"author":[{"embeddable":true,"href":"https:\/\/arfanviagens.com.br\/index.php\/wp-json\/wp\/v2\/users\/1"}],"replies":[{"embeddable":true,"href":"https:\/\/arfanviagens.com.br\/index.php\/wp-json\/wp\/v2\/comments?post=1881"}],"version-history":[{"count":51,"href":"https:\/\/arfanviagens.com.br\/index.php\/wp-json\/wp\/v2\/pages\/1881\/revisions"}],"predecessor-version":[{"id":1952,"href":"https:\/\/arfanviagens.com.br\/index.php\/wp-json\/wp\/v2\/pages\/1881\/revisions\/1952"}],"wp:attachment":[{"href":"https:\/\/arfanviagens.com.br\/index.php\/wp-json\/wp\/v2\/media?parent=1881"}],"curies":[{"name":"wp","href":"https:\/\/api.w.org\/{rel}","templated":true}]}}